{"id":64,"date":"2024-09-30T15:16:19","date_gmt":"2024-09-30T15:16:19","guid":{"rendered":"https:\/\/timberteh.lv\/?page_id=64"},"modified":"2024-12-13T13:52:10","modified_gmt":"2024-12-13T13:52:10","slug":"services","status":"publish","type":"page","link":"https:\/\/timberteh.lv\/sv\/services\/","title":{"rendered":"Tj\u00e4nster"},"content":{"rendered":"<div data-elementor-type=\"wp-page\" data-elementor-id=\"64\" class=\"elementor elementor-64\" data-elementor-post-type=\"page\">\n\t\t\t\t<div class=\"elementor-element elementor-element-be71609 e-con-full e-flex e-con e-parent\" data-id=\"be71609\" data-element_type=\"container\" data-e-type=\"container\">\n\t\t<div class=\"elementor-element elementor-element-6a864a2 e-con-full e-flex e-con e-child\" data-id=\"6a864a2\" data-element_type=\"container\" data-e-type=\"container\">\n\t\t\t\t<div class=\"elementor-element elementor-element-597233e elementor-widget elementor-widget-heading\" data-id=\"597233e\" data-element_type=\"widget\" data-e-type=\"widget\" data-widget_type=\"heading.default\">\n\t\t\t\t<div class=\"elementor-widget-container\">\n\t\t\t\t\t<h2 class=\"elementor-heading-title elementor-size-default\">Transport och logistik<\/h2>\t\t\t\t<\/div>\n\t\t\t\t<\/div>\n\t\t\t\t<div class=\"elementor-element elementor-element-7179d2d elementor-widget-divider--view-line elementor-widget elementor-widget-divider\" data-id=\"7179d2d\" data-element_type=\"widget\" data-e-type=\"widget\" data-widget_type=\"divider.default\">\n\t\t\t\t<div class=\"elementor-widget-container\">\n\t\t\t\t\t\t\t<div class=\"elementor-divider\">\n\t\t\t<span class=\"elementor-divider-separator\">\n\t\t\t\t\t\t<\/span>\n\t\t<\/div>\n\t\t\t\t\t\t<\/div>\n\t\t\t\t<\/div>\n\t\t\t\t<div class=\"elementor-element elementor-element-f1d21eb elementor-widget elementor-widget-text-editor\" data-id=\"f1d21eb\" data-element_type=\"widget\" data-e-type=\"widget\" data-widget_type=\"text-editor.default\">\n\t\t\t\t<div class=\"elementor-widget-container\">\n\t\t\t\t\t\t\t\t\t<p><strong>Transporttj\u00e4nster f\u00f6r flis<\/strong><\/p><p>V\u00e5ra specialiserade containerlastbilar och sl\u00e4pvagnar \u00e4r anpassade f\u00f6r att lasta och lossa gods p\u00e5 specifika platser.<\/p><p>Med v\u00e5ra lastbilar erbjuder vi transporttj\u00e4nster f\u00f6r bulktransport.<\/p>\t\t\t\t\t\t\t\t<\/div>\n\t\t\t\t<\/div>\n\t\t\t\t<\/div>\n\t\t<div class=\"elementor-element elementor-element-d6d7840 e-con-full e-flex e-con e-child\" data-id=\"d6d7840\" data-element_type=\"container\" data-e-type=\"container\" data-settings=\"{&quot;background_background&quot;:&quot;classic&quot;}\">\n\t\t\t\t<\/div>\n\t\t\t\t<\/div>\n\t\t<div class=\"elementor-element elementor-element-56672e5 e-con-full e-flex e-con e-parent\" data-id=\"56672e5\" data-element_type=\"container\" data-e-type=\"container\">\n\t\t<div class=\"elementor-element elementor-element-e9c7dc0 e-con-full e-flex e-con e-child\" data-id=\"e9c7dc0\" data-element_type=\"container\" data-e-type=\"container\" data-settings=\"{&quot;background_background&quot;:&quot;classic&quot;}\">\n\t\t\t\t<\/div>\n\t\t<div class=\"elementor-element elementor-element-58941c9 e-con-full e-flex e-con e-child\" data-id=\"58941c9\" data-element_type=\"container\" data-e-type=\"container\">\n\t\t\t\t<div class=\"elementor-element elementor-element-e71921d elementor-widget elementor-widget-heading\" data-id=\"e71921d\" data-element_type=\"widget\" data-e-type=\"widget\" data-widget_type=\"heading.default\">\n\t\t\t\t<div class=\"elementor-widget-container\">\n\t\t\t\t\t<h2 class=\"elementor-heading-title elementor-size-default\">Produktion av flis<\/h2>\t\t\t\t<\/div>\n\t\t\t\t<\/div>\n\t\t\t\t<div class=\"elementor-element elementor-element-2455833 elementor-widget-divider--view-line elementor-widget elementor-widget-divider\" data-id=\"2455833\" data-element_type=\"widget\" data-e-type=\"widget\" data-widget_type=\"divider.default\">\n\t\t\t\t<div class=\"elementor-widget-container\">\n\t\t\t\t\t\t\t<div class=\"elementor-divider\">\n\t\t\t<span class=\"elementor-divider-separator\">\n\t\t\t\t\t\t<\/span>\n\t\t<\/div>\n\t\t\t\t\t\t<\/div>\n\t\t\t\t<\/div>\n\t\t\t\t<div class=\"elementor-element elementor-element-cf3b141 elementor-widget elementor-widget-text-editor\" data-id=\"cf3b141\" data-element_type=\"widget\" data-e-type=\"widget\" data-widget_type=\"text-editor.default\">\n\t\t\t\t<div class=\"elementor-widget-container\">\n\t\t\t\t\t\t\t\t\t<p><strong>Vi erbjuder en helt\u00e4ckande tj\u00e4nst i Lettlands territorium<\/strong><\/p><p>Vi rensar igenv\u00e4xta omr\u00e5den fr\u00e5n buskar och tr\u00e4d och bearbetar dem till flis med v\u00e5ra moderna mobila flishuggar, vilket s\u00e4kerst\u00e4ller en komplett process f\u00f6r produktion av flis.\nVi erbjuder en helt\u00e4ckande tj\u00e4nst inom Lettlands territorium.<\/p>\t\t\t\t\t\t\t\t<\/div>\n\t\t\t\t<\/div>\n\t\t\t\t<\/div>\n\t\t\t\t<\/div>\n\t\t<div class=\"elementor-element elementor-element-6ed2a24 e-con-full e-flex e-con e-parent\" data-id=\"6ed2a24\" data-element_type=\"container\" data-e-type=\"container\">\n\t\t<div class=\"elementor-element elementor-element-aa2615c e-con-full e-flex e-con e-child\" data-id=\"aa2615c\" data-element_type=\"container\" data-e-type=\"container\">\n\t\t\t\t<div class=\"elementor-element elementor-element-2e51ddd elementor-widget elementor-widget-heading\" data-id=\"2e51ddd\" data-element_type=\"widget\" data-e-type=\"widget\" data-widget_type=\"heading.default\">\n\t\t\t\t<div class=\"elementor-widget-container\">\n\t\t\t\t\t<h2 class=\"elementor-heading-title elementor-size-default\">Upprotning av tr\u00e4dstubbar <\/h2>\t\t\t\t<\/div>\n\t\t\t\t<\/div>\n\t\t\t\t<div class=\"elementor-element elementor-element-836e3a0 elementor-widget-divider--view-line elementor-widget elementor-widget-divider\" data-id=\"836e3a0\" data-element_type=\"widget\" data-e-type=\"widget\" data-widget_type=\"divider.default\">\n\t\t\t\t<div class=\"elementor-widget-container\">\n\t\t\t\t\t\t\t<div class=\"elementor-divider\">\n\t\t\t<span class=\"elementor-divider-separator\">\n\t\t\t\t\t\t<\/span>\n\t\t<\/div>\n\t\t\t\t\t\t<\/div>\n\t\t\t\t<\/div>\n\t\t\t\t<div class=\"elementor-element elementor-element-2182971 elementor-widget elementor-widget-text-editor\" data-id=\"2182971\" data-element_type=\"widget\" data-e-type=\"widget\" data-widget_type=\"text-editor.default\">\n\t\t\t\t<div class=\"elementor-widget-container\">\n\t\t\t\t\t\t\t\t\t<p>Vi erbjuder upprotning av tr\u00e4dstubbar som en tj\u00e4nst med hj\u00e4lp av specialiserad utrustning f\u00f6r att skapa utrymme f\u00f6r nya projekt att v\u00e4xa och utvecklas.<\/p><p>Vi har erfarenhet fr\u00e5n tv\u00e5 st\u00f6rre omr\u00e5den med en total yta p\u00e5 150 hektar. Dessa rensade omr\u00e5den anv\u00e4nds f\u00f6r olika industriella \u00e4ndam\u00e5l.<\/p>\t\t\t\t\t\t\t\t<\/div>\n\t\t\t\t<\/div>\n\t\t\t\t<\/div>\n\t\t<div class=\"elementor-element elementor-element-e369a28 e-con-full e-flex e-con e-child\" data-id=\"e369a28\" data-element_type=\"container\" data-e-type=\"container\" data-settings=\"{&quot;background_background&quot;:&quot;classic&quot;}\">\n\t\t\t\t<\/div>\n\t\t\t\t<\/div>\n\t\t\t\t<\/div>","protected":false},"excerpt":{"rendered":"<p>Transport and Logistics Wood chip transport services Our specialised container trucks and semi-trailers are suitable to load and unload cargo in specific locations. With our trucks, we provide transport services for bulk cargo transportation. Energy wood chips production We offer a comprehensive service in the territory of Latvia We clean overgrown areas from shrubs and [&hellip;]<\/p>\n","protected":false},"author":1,"featured_media":0,"parent":0,"menu_order":0,"comment_status":"closed","ping_status":"closed","template":"elementor_header_footer","meta":{"footnotes":""},"class_list":["post-64","page","type-page","status-publish","hentry"],"_links":{"self":[{"href":"https:\/\/timberteh.lv\/sv\/wp-json\/wp\/v2\/pages\/64","targetHints":{"allow":["GET"]}}],"collection":[{"href":"https:\/\/timberteh.lv\/sv\/wp-json\/wp\/v2\/pages"}],"about":[{"href":"https:\/\/timberteh.lv\/sv\/wp-json\/wp\/v2\/types\/page"}],"author":[{"embeddable":true,"href":"https:\/\/timberteh.lv\/sv\/wp-json\/wp\/v2\/users\/1"}],"replies":[{"embeddable":true,"href":"https:\/\/timberteh.lv\/sv\/wp-json\/wp\/v2\/comments?post=64"}],"version-history":[{"count":41,"href":"https:\/\/timberteh.lv\/sv\/wp-json\/wp\/v2\/pages\/64\/revisions"}],"predecessor-version":[{"id":378,"href":"https:\/\/timberteh.lv\/sv\/wp-json\/wp\/v2\/pages\/64\/revisions\/378"}],"wp:attachment":[{"href":"https:\/\/timberteh.lv\/sv\/wp-json\/wp\/v2\/media?parent=64"}],"curies":[{"name":"wp","href":"https:\/\/api.w.org\/{rel}","templated":true}]}}